{"id":1082,"date":"2018-07-27T06:37:34","date_gmt":"2018-07-27T06:37:34","guid":{"rendered":"https:\/\/www.kikplastics.nl\/home\/"},"modified":"2018-09-26T14:26:37","modified_gmt":"2018-09-26T14:26:37","slug":"home","status":"publish","type":"page","link":"https:\/\/kikplastics.nl\/de\/","title":{"rendered":"Home"},"content":{"rendered":"[vc_row full_width=&#8220;stretch_row_content_no_spaces&#8220; content_placement=&#8220;middle&#8220; el_class=&#8220;home-header-row&#8220; css=&#8220;.vc_custom_1532677105897{background-image: url(https:\/\/kikplastics.nl\/wp-content\/uploads\/2018\/07\/home-header-test.jpg?id=60) !important;}&#8220;][vc_column css=&#8220;.vc_custom_1532677072486{margin-bottom: 0px !important;}&#8220;][vc_raw_html]JTNDYSUyMGhyZWYlM0QlMjIlMkZkZSUyRnNwcml0emdpZXNzZW4lMjIlM0UlMEElM0NkaXYlMjBjbGFzcyUzRCUyMnRyYW5zcGFyYW50LWJsb2slMjBsaW5rcyUyMGJvdmVuJTIyJTNFJTBBJTNDc3BhbiUzRVNwcml0emdpZSVDMyU5RmVuJTNDJTJGc3BhbiUzRSUwQSUzQyUyRmRpdiUzRSUwQSUzQyUyRmElM0U=[\/vc_raw_html][vc_raw_html]JTNDYSUyMGhyZWYlM0QlMjIlMkZkZSUyRmRpZW5zdGVuJTIyJTNFJTBBJTNDZGl2JTIwY2xhc3MlM0QlMjJ0cmFuc3BhcmFudC1ibG9rJTIwcmVjaHRzJTIwYm92ZW4lMjIlM0UlMEElM0NzcGFuJTNFRGllbnN0ZW4lM0MlMkZzcGFuJTNFJTBBJTNDJTJGZGl2JTNFJTBBJTNDJTJGYSUzRQ==[\/vc_raw_html][vc_column_text el_class=&#8220;tekst-blok&#8220;]\n<h2>Spritzgie\u00dfen von der Beratung bis zum Endprodukt<\/h2>\n<p>KIK produziert Kunststoffteile und produkte nach Kundenspezifikation.<\/p>\n<p><a class=\"custom-button wit\" href=\"https:\/\/kikplastics.nl\/de\/spritzgiessen\/\">Mehr Informationen<\/a>[\/vc_column_text][vc_raw_html]JTNDYSUyMGhyZWYlM0QlMjIlMkZkZSUyRm1hcmt0ZW4lMjIlM0UlMEElM0NkaXYlMjBjbGFzcyUzRCUyMnRyYW5zcGFyYW50LWJsb2slMjBsaW5rcyUyMG9uZGVyJTIyJTNFJTBBJTNDc3BhbiUzRU0lQzMlQTRya3RlbiUzQyUyRnNwYW4lM0UlMEElM0MlMkZkaXYlM0UlMEElM0MlMkZhJTNF[\/vc_raw_html][vc_raw_html]JTNDYSUyMGhyZWYlM0QlMjIlMkZkZSUyRm1hdGVyaWFsYmVyYXR1bmclMjIlM0UlMEElM0NkaXYlMjBjbGFzcyUzRCUyMnRyYW5zcGFyYW50LWJsb2slMjByZWNodHMlMjBvbmRlciUyMiUzRSUwQSUzQ3NwYW4lM0VNYXRlcmlhbGJlcmF0dW5nJTNDJTJGc3BhbiUzRSUwQSUzQyUyRmRpdiUzRSUwQSUzQyUyRmElM0U=[\/vc_raw_html][\/vc_column][\/vc_row][vc_row css=&#8220;.vc_custom_1534770434928{margin-top: 80px !important;margin-bottom: 20px !important;}&#8220;][vc_column][vc_column_text text_align=&#8220;center&#8220;]\n<h1 style=\"text-align: center;\">Spritzgussunternehmen KIK Powerful Plastics<\/h1>\n<p style=\"text-align: center;\"><strong>Schon seit Jahrzehnten versteht es KIK, sich durch Exzellenz der Loyalit\u00e4t Hunderter von Kunden zu versichern. Unsere Strategie? Wir arbeiten zusammen mit dem Kunden in pragmatischer Weise an intelligenten L\u00f6sungen, wobei wir die Kosten nicht aus dem Auge verlieren, auch wenn es um kleinere Serien geht.<\/strong><\/p>\n<p style=\"text-align: center;\">KIK liefert nicht nur hochwertigen Kunststoff, sondern wei\u00df auch, was Service bedeutet. Erfahren Sie unser Engagement und unsere Sachkenntnis, indem Sie uns pers\u00f6nlich kennenlernen. F\u00fcr Standardprodukte aus unserem Sortiment \u201eInterner Transport\u201c k\u00f6nnen Sie auch online ein Angebot, zum Beispiel Spritgusstechnik, anfordern.<\/p>\n[\/vc_column_text][\/vc_column][\/vc_row][vc_row full_width=&#8220;stretch_row_content_no_spaces&#8220; el_class=&#8220;afbeelding-carousel-row&#8220; css=&#8220;.vc_custom_1537946514458{margin-bottom: 70px !important;}&#8220;][vc_column css=&#8220;.vc_custom_1537881795349{margin-bottom: 0px !important;}&#8220;]<div class=\"vcex-module wpex-carousel wpex-carousel-images clr owl-carousel no-margins arrwstyle-default arrwpos-abs wpex-carousel-lightbox\" data-items=\"4\" data-slideby=\"1\" data-nav=\"true\" data-dots=\"false\" data-autoplay=\"true\" data-loop=\"true\" data-autoplay-timeout=\"5000\" data-center=\"false\" data-margin=\"0\" data-items-tablet=\"3\" data-items-mobile-landscape=\"2\" data-items-mobile-portrait=\"1\" data-smart-speed=\"150\" data-auto-height=\"false\" data-auto-width=\"false\"><div class=\"wpex-carousel-slide\"><figure class=\"wpex-carousel-entry-media clr wpex-image-hover fade-out\"><a href=\"https:\/\/kikplastics.nl\/wp-content\/uploads\/2018\/09\/Homepage-1.jpg\" class=\"wpex-carousel-entry-img wpex-carousel-lightbox-item\" data-title data-count=\"1\" data-type=\"image\" data-path=\"horizontal\" data-show_title=\"false\"><img loading=\"lazy\" decoding=\"async\" width=\"711\" height=\"474\" src=\"https:\/\/kikplastics.nl\/wp-content\/uploads\/2018\/09\/Homepage-1.jpg\" class=\"skip-lazy\" alt=\"\" data-no-lazy=\"1\" srcset=\"https:\/\/kikplastics.nl\/wp-content\/uploads\/2018\/09\/Homepage-1.jpg 711w, https:\/\/kikplastics.nl\/wp-content\/uploads\/2018\/09\/Homepage-1-300x200.jpg 300w\" sizes=\"auto, (max-width: 711px) 100vw, 711px\" \/><\/a><\/figure><\/div><div class=\"wpex-carousel-slide\"><figure class=\"wpex-carousel-entry-media clr wpex-image-hover fade-out\"><a href=\"https:\/\/kikplastics.nl\/wp-content\/uploads\/2018\/09\/Homepage-2.jpg\" class=\"wpex-carousel-entry-img wpex-carousel-lightbox-item\" data-title data-count=\"2\" data-type=\"image\" data-path=\"horizontal\" data-show_title=\"false\"><img loading=\"lazy\" decoding=\"async\" width=\"711\" height=\"474\" src=\"https:\/\/kikplastics.nl\/wp-content\/uploads\/2018\/09\/Homepage-2.jpg\" class=\"skip-lazy\" alt=\"\" data-no-lazy=\"1\" srcset=\"https:\/\/kikplastics.nl\/wp-content\/uploads\/2018\/09\/Homepage-2.jpg 711w, https:\/\/kikplastics.nl\/wp-content\/uploads\/2018\/09\/Homepage-2-300x200.jpg 300w\" sizes=\"auto, (max-width: 711px) 100vw, 711px\" \/><\/a><\/figure><\/div><div class=\"wpex-carousel-slide\"><figure class=\"wpex-carousel-entry-media clr wpex-image-hover fade-out\"><a href=\"https:\/\/kikplastics.nl\/wp-content\/uploads\/2018\/09\/Homepage-4.jpg\" class=\"wpex-carousel-entry-img wpex-carousel-lightbox-item\" data-title data-count=\"3\" data-type=\"image\" data-path=\"horizontal\" data-show_title=\"false\"><img loading=\"lazy\" decoding=\"async\" width=\"711\" height=\"474\" src=\"https:\/\/kikplastics.nl\/wp-content\/uploads\/2018\/09\/Homepage-4.jpg\" class=\"skip-lazy\" alt=\"\" data-no-lazy=\"1\" srcset=\"https:\/\/kikplastics.nl\/wp-content\/uploads\/2018\/09\/Homepage-4.jpg 711w, https:\/\/kikplastics.nl\/wp-content\/uploads\/2018\/09\/Homepage-4-300x200.jpg 300w\" sizes=\"auto, (max-width: 711px) 100vw, 711px\" \/><\/a><\/figure><\/div><div class=\"wpex-carousel-slide\"><figure class=\"wpex-carousel-entry-media clr wpex-image-hover fade-out\"><a href=\"https:\/\/kikplastics.nl\/wp-content\/uploads\/2018\/09\/Homepage-5.jpg\" class=\"wpex-carousel-entry-img wpex-carousel-lightbox-item\" data-title data-count=\"4\" data-type=\"image\" data-path=\"horizontal\" data-show_title=\"false\"><img loading=\"lazy\" decoding=\"async\" width=\"711\" height=\"474\" src=\"https:\/\/kikplastics.nl\/wp-content\/uploads\/2018\/09\/Homepage-5.jpg\" class=\"skip-lazy\" alt=\"\" data-no-lazy=\"1\" srcset=\"https:\/\/kikplastics.nl\/wp-content\/uploads\/2018\/09\/Homepage-5.jpg 711w, https:\/\/kikplastics.nl\/wp-content\/uploads\/2018\/09\/Homepage-5-300x200.jpg 300w\" sizes=\"auto, (max-width: 711px) 100vw, 711px\" \/><\/a><\/figure><\/div><div class=\"wpex-carousel-slide\"><figure class=\"wpex-carousel-entry-media clr wpex-image-hover fade-out\"><a href=\"https:\/\/kikplastics.nl\/wp-content\/uploads\/2018\/09\/Homepage-7.jpg\" class=\"wpex-carousel-entry-img wpex-carousel-lightbox-item\" data-title data-count=\"5\" data-type=\"image\" data-path=\"horizontal\" data-show_title=\"false\"><img loading=\"lazy\" decoding=\"async\" width=\"711\" height=\"474\" src=\"https:\/\/kikplastics.nl\/wp-content\/uploads\/2018\/09\/Homepage-7.jpg\" class=\"skip-lazy\" alt=\"\" data-no-lazy=\"1\" srcset=\"https:\/\/kikplastics.nl\/wp-content\/uploads\/2018\/09\/Homepage-7.jpg 711w, https:\/\/kikplastics.nl\/wp-content\/uploads\/2018\/09\/Homepage-7-300x200.jpg 300w\" sizes=\"auto, (max-width: 711px) 100vw, 711px\" \/><\/a><\/figure><\/div><div class=\"wpex-carousel-slide\"><figure class=\"wpex-carousel-entry-media clr wpex-image-hover fade-out\"><a href=\"https:\/\/kikplastics.nl\/wp-content\/uploads\/2018\/09\/Homepage-8.jpg\" class=\"wpex-carousel-entry-img wpex-carousel-lightbox-item\" data-title data-count=\"6\" data-type=\"image\" data-path=\"horizontal\" data-show_title=\"false\"><img loading=\"lazy\" decoding=\"async\" width=\"711\" height=\"474\" src=\"https:\/\/kikplastics.nl\/wp-content\/uploads\/2018\/09\/Homepage-8.jpg\" class=\"skip-lazy\" alt=\"\" data-no-lazy=\"1\" srcset=\"https:\/\/kikplastics.nl\/wp-content\/uploads\/2018\/09\/Homepage-8.jpg 711w, https:\/\/kikplastics.nl\/wp-content\/uploads\/2018\/09\/Homepage-8-300x200.jpg 300w\" sizes=\"auto, (max-width: 711px) 100vw, 711px\" \/><\/a><\/figure><\/div><\/div>[\/vc_column][\/vc_row][vc_row el_class=&#8220;home-services-row&#8220;][vc_column][vc_column_text text_align=&#8220;center&#8220;]\n<h2 class=\"stijl\" style=\"text-align: center;\">Diensten von KIK<\/h2>\n[\/vc_column_text][vc_row_inner content_placement=&#8220;middle&#8220;][vc_column_inner width=&#8220;1\/4&#8243;][vc_single_image image=&#8220;107&#8243; alignment=&#8220;center&#8220; onclick=&#8220;custom_link&#8220; link=&#8220;\/de\/technisches-design\/&#8220;][vc_column_text text_align=&#8220;center&#8220;]<a class=\"custom-button geel\" href=\"\/de\/technisches-design\/\">Technisches Design<\/a>[\/vc_column_text][\/vc_column_inner][vc_column_inner width=&#8220;1\/4&#8243;][vc_single_image image=&#8220;500&#8243; alignment=&#8220;center&#8220; onclick=&#8220;custom_link&#8220; link=&#8220;\/de\/materialberatung&#8220;][vc_column_text text_align=&#8220;center&#8220;]<a class=\"custom-button geel\" href=\"\/de\/materialberatung\/\">Materialberatung<\/a>[\/vc_column_text][\/vc_column_inner][vc_column_inner width=&#8220;1\/4&#8243;][vc_single_image image=&#8220;102&#8243; alignment=&#8220;center&#8220; onclick=&#8220;custom_link&#8220; link=&#8220;\/de\/werkzeugherstellung&#8220;][vc_column_text text_align=&#8220;center&#8220;]<a class=\"custom-button geel\" href=\"\/de\/werkzeugherstellung\">Werkzeugherstellung<\/a>[\/vc_column_text][\/vc_column_inner][vc_column_inner width=&#8220;1\/4&#8243;][vc_single_image image=&#8220;108&#8243; alignment=&#8220;center&#8220; onclick=&#8220;custom_link&#8220; link=&#8220;\/de\/zusammenarbeit&#8220;][vc_column_text text_align=&#8220;center&#8220;]<a class=\"custom-button geel\" href=\"\/de\/zusammenarbeit\">Zusammenarbeit<\/a>[\/vc_column_text][\/vc_column_inner][\/vc_row_inner][\/vc_column][\/vc_row]\n","protected":false},"excerpt":{"rendered":"<p>[vc_row full_width=&#8220;stretch_row_content_no_spaces&#8220; content_placement=&#8220;middle&#8220; el_class=&#8220;home-header-row&#8220; css=&#8220;.vc_custom_1532677105897{background-image: url(https:\/\/kikplastics.nl\/wp-content\/uploads\/2018\/07\/home-header-test.jpg?id=60) !important;}&#8220;][vc_column css=&#8220;.vc_custom_1532677072486{margin-bottom: 0px !important;}&#8220;][vc_raw_html]JTNDYSUyMGhyZWYlM0QlMjIlMkZkZSUyRnNwcml0emdpZXNzZW4lMjIlM0UlMEElM0NkaXYlMjBjbGFzcyUzRCUyMnRyYW5zcGFyYW50LWJsb2slMjBsaW5rcyUyMGJvdmVuJTIyJTNFJTBBJTNDc3BhbiUzRVNwcml0emdpZSVDMyU5RmVuJTNDJTJGc3BhbiUzRSUwQSUzQyUyRmRpdiUzRSUwQSUzQyUyRmElM0U=[\/vc_raw_html][vc_raw_html]JTNDYSUyMGhyZWYlM0QlMjIlMkZkZSUyRmRpZW5zdGVuJTIyJTNFJTBBJTNDZGl2JTIwY2xhc3MlM0QlMjJ0cmFuc3BhcmFudC1ibG9rJTIwcmVjaHRzJTIwYm92ZW4lMjIlM0UlMEElM0NzcGFuJTNFRGllbnN0ZW4lM0MlMkZzcGFuJTNFJTBBJTNDJTJGZGl2JTNFJTBBJTNDJTJGYSUzRQ==[\/vc_raw_html][vc_column_text el_class=&#8220;tekst-blok&#8220;] Spritzgie\u00dfen von der Beratung bis zum Endprodukt KIK produziert Kunststoffteile und produkte nach Kundenspezifikation. Mehr Informationen[\/vc_column_text][vc_raw_html]JTNDYSUyMGhyZWYlM0QlMjIlMkZkZSUyRm1hcmt0ZW4lMjIlM0UlMEElM0NkaXYlMjBjbGFzcyUzRCUyMnRyYW5zcGFyYW50LWJsb2slMjBsaW5rcyUyMG9uZGVyJTIyJTNFJTBBJTNDc3BhbiUzRU0lQzMlQTRya3RlbiUzQyUyRnNwYW4lM0UlMEElM0MlMkZkaXYlM0UlMEElM0MlMkZhJTNF[\/vc_raw_html][vc_raw_html]JTNDYSUyMGhyZWYlM0QlMjIlMkZkZSUyRm1hdGVyaWFsYmVyYXR1bmclMjIlM0UlMEElM0NkaXYlMjBjbGFzcyUzRCUyMnRyYW5zcGFyYW50LWJsb2slMjByZWNodHMlMjBvbmRlciUyMiUzRSUwQSUzQ3NwYW4lM0VNYXRlcmlhbGJlcmF0dW5nJTNDJTJGc3BhbiUzRSUwQSUzQyUyRmRpdiUzRSUwQSUzQyUyRmElM0U=[\/vc_raw_html][\/vc_column][\/vc_row][vc_row css=&#8220;.vc_custom_1534770434928{margin-top: 80px !important;margin-bottom: 20px !important;}&#8220;][vc_column][vc_column_text text_align=&#8220;center&#8220;] Spritzgussunternehmen KIK Powerful Plastics Schon seit Jahrzehnten&hellip;<\/p>\n","protected":false},"author":1,"featured_media":0,"parent":0,"menu_order":0,"comment_status":"closed","ping_status":"closed","template":"","meta":{"footnotes":""},"class_list":["post-1082","page","type-page","status-publish","hentry","entry","no-media"],"yoast_head":"<!-- This site is optimized with the Yoast SEO plugin v26.3 - https:\/\/yoast.com\/wordpress\/plugins\/seo\/ -->\n<title>KIK Powerful Plastics - Specialist in kunststof spuitgieten<\/title>\n<meta name=\"description\" content=\"KIK voor kunststof spuitgieten van advies tot eindproduct. KIK produceert, als spuitgietbedrijf, kunststofonderdelen en producten op klantspecificatie.\" \/>\n<meta name=\"robots\" content=\"index, follow, max-snippet:-1, max-image-preview:large, max-video-preview:-1\" \/>\n<link rel=\"canonical\" href=\"https:\/\/kikplastics.nl\/de\/\" \/>\n<meta property=\"og:locale\" content=\"de_DE\" \/>\n<meta property=\"og:type\" content=\"article\" \/>\n<meta property=\"og:title\" content=\"KIK Powerful Plastics - Specialist in kunststof spuitgieten\" \/>\n<meta property=\"og:description\" content=\"KIK voor kunststof spuitgieten van advies tot eindproduct. KIK produceert, als spuitgietbedrijf, kunststofonderdelen en producten op klantspecificatie.\" \/>\n<meta property=\"og:url\" content=\"https:\/\/kikplastics.nl\/de\/\" \/>\n<meta property=\"og:site_name\" content=\"KIK Powerful Plastics\" \/>\n<meta property=\"article:modified_time\" content=\"2018-09-26T14:26:37+00:00\" \/>\n<meta name=\"twitter:card\" content=\"summary_large_image\" \/>\n<meta name=\"twitter:label1\" content=\"Gesch\u00e4tzte Lesezeit\" \/>\n\t<meta name=\"twitter:data1\" content=\"2\u00a0Minuten\" \/>\n<script type=\"application\/ld+json\" class=\"yoast-schema-graph\">{\"@context\":\"https:\/\/schema.org\",\"@graph\":[{\"@type\":\"WebPage\",\"@id\":\"https:\/\/kikplastics.nl\/de\/\",\"url\":\"https:\/\/kikplastics.nl\/de\/\",\"name\":\"KIK Powerful Plastics - Specialist in kunststof spuitgieten\",\"isPartOf\":{\"@id\":\"https:\/\/kikplastics.nl\/en\/#website\"},\"datePublished\":\"2018-07-27T06:37:34+00:00\",\"dateModified\":\"2018-09-26T14:26:37+00:00\",\"description\":\"KIK voor kunststof spuitgieten van advies tot eindproduct. KIK produceert, als spuitgietbedrijf, kunststofonderdelen en producten op klantspecificatie.\",\"breadcrumb\":{\"@id\":\"https:\/\/kikplastics.nl\/de\/#breadcrumb\"},\"inLanguage\":\"de\",\"potentialAction\":[{\"@type\":\"ReadAction\",\"target\":[\"https:\/\/kikplastics.nl\/de\/\"]}]},{\"@type\":\"BreadcrumbList\",\"@id\":\"https:\/\/kikplastics.nl\/de\/#breadcrumb\",\"itemListElement\":[{\"@type\":\"ListItem\",\"position\":1,\"name\":\"Home\",\"item\":\"https:\/\/kikplastics.nl\/de\/\"},{\"@type\":\"ListItem\",\"position\":2,\"name\":\"Home\"}]},{\"@type\":\"WebSite\",\"@id\":\"https:\/\/kikplastics.nl\/en\/#website\",\"url\":\"https:\/\/kikplastics.nl\/en\/\",\"name\":\"KIK Powerful Plastics\",\"description\":\"\",\"publisher\":{\"@id\":\"https:\/\/kikplastics.nl\/en\/#organization\"},\"potentialAction\":[{\"@type\":\"SearchAction\",\"target\":{\"@type\":\"EntryPoint\",\"urlTemplate\":\"https:\/\/kikplastics.nl\/en\/?s={search_term_string}\"},\"query-input\":{\"@type\":\"PropertyValueSpecification\",\"valueRequired\":true,\"valueName\":\"search_term_string\"}}],\"inLanguage\":\"de\"},{\"@type\":\"Organization\",\"@id\":\"https:\/\/kikplastics.nl\/en\/#organization\",\"name\":\"KIK Powerful Plastics\",\"url\":\"https:\/\/kikplastics.nl\/en\/\",\"logo\":{\"@type\":\"ImageObject\",\"inLanguage\":\"de\",\"@id\":\"https:\/\/kikplastics.nl\/en\/#\/schema\/logo\/image\/\",\"url\":\"https:\/\/kikplastics.nl\/wp-content\/uploads\/2018\/07\/logo.png\",\"contentUrl\":\"https:\/\/kikplastics.nl\/wp-content\/uploads\/2018\/07\/logo.png\",\"width\":400,\"height\":112,\"caption\":\"KIK Powerful Plastics\"},\"image\":{\"@id\":\"https:\/\/kikplastics.nl\/en\/#\/schema\/logo\/image\/\"}}]}<\/script>\n<!-- \/ Yoast SEO plugin. -->","yoast_head_json":{"title":"KIK Powerful Plastics - Specialist in kunststof spuitgieten","description":"KIK voor kunststof spuitgieten van advies tot eindproduct. KIK produceert, als spuitgietbedrijf, kunststofonderdelen en producten op klantspecificatie.","robots":{"index":"index","follow":"follow","max-snippet":"max-snippet:-1","max-image-preview":"max-image-preview:large","max-video-preview":"max-video-preview:-1"},"canonical":"https:\/\/kikplastics.nl\/de\/","og_locale":"de_DE","og_type":"article","og_title":"KIK Powerful Plastics - Specialist in kunststof spuitgieten","og_description":"KIK voor kunststof spuitgieten van advies tot eindproduct. KIK produceert, als spuitgietbedrijf, kunststofonderdelen en producten op klantspecificatie.","og_url":"https:\/\/kikplastics.nl\/de\/","og_site_name":"KIK Powerful Plastics","article_modified_time":"2018-09-26T14:26:37+00:00","twitter_card":"summary_large_image","twitter_misc":{"Gesch\u00e4tzte Lesezeit":"2\u00a0Minuten"},"schema":{"@context":"https:\/\/schema.org","@graph":[{"@type":"WebPage","@id":"https:\/\/kikplastics.nl\/de\/","url":"https:\/\/kikplastics.nl\/de\/","name":"KIK Powerful Plastics - Specialist in kunststof spuitgieten","isPartOf":{"@id":"https:\/\/kikplastics.nl\/en\/#website"},"datePublished":"2018-07-27T06:37:34+00:00","dateModified":"2018-09-26T14:26:37+00:00","description":"KIK voor kunststof spuitgieten van advies tot eindproduct. KIK produceert, als spuitgietbedrijf, kunststofonderdelen en producten op klantspecificatie.","breadcrumb":{"@id":"https:\/\/kikplastics.nl\/de\/#breadcrumb"},"inLanguage":"de","potentialAction":[{"@type":"ReadAction","target":["https:\/\/kikplastics.nl\/de\/"]}]},{"@type":"BreadcrumbList","@id":"https:\/\/kikplastics.nl\/de\/#breadcrumb","itemListElement":[{"@type":"ListItem","position":1,"name":"Home","item":"https:\/\/kikplastics.nl\/de\/"},{"@type":"ListItem","position":2,"name":"Home"}]},{"@type":"WebSite","@id":"https:\/\/kikplastics.nl\/en\/#website","url":"https:\/\/kikplastics.nl\/en\/","name":"KIK Powerful Plastics","description":"","publisher":{"@id":"https:\/\/kikplastics.nl\/en\/#organization"},"potentialAction":[{"@type":"SearchAction","target":{"@type":"EntryPoint","urlTemplate":"https:\/\/kikplastics.nl\/en\/?s={search_term_string}"},"query-input":{"@type":"PropertyValueSpecification","valueRequired":true,"valueName":"search_term_string"}}],"inLanguage":"de"},{"@type":"Organization","@id":"https:\/\/kikplastics.nl\/en\/#organization","name":"KIK Powerful Plastics","url":"https:\/\/kikplastics.nl\/en\/","logo":{"@type":"ImageObject","inLanguage":"de","@id":"https:\/\/kikplastics.nl\/en\/#\/schema\/logo\/image\/","url":"https:\/\/kikplastics.nl\/wp-content\/uploads\/2018\/07\/logo.png","contentUrl":"https:\/\/kikplastics.nl\/wp-content\/uploads\/2018\/07\/logo.png","width":400,"height":112,"caption":"KIK Powerful Plastics"},"image":{"@id":"https:\/\/kikplastics.nl\/en\/#\/schema\/logo\/image\/"}}]}},"_links":{"self":[{"href":"https:\/\/kikplastics.nl\/de\/wp-json\/wp\/v2\/pages\/1082","targetHints":{"allow":["GET"]}}],"collection":[{"href":"https:\/\/kikplastics.nl\/de\/wp-json\/wp\/v2\/pages"}],"about":[{"href":"https:\/\/kikplastics.nl\/de\/wp-json\/wp\/v2\/types\/page"}],"author":[{"embeddable":true,"href":"https:\/\/kikplastics.nl\/de\/wp-json\/wp\/v2\/users\/1"}],"replies":[{"embeddable":true,"href":"https:\/\/kikplastics.nl\/de\/wp-json\/wp\/v2\/comments?post=1082"}],"version-history":[{"count":2,"href":"https:\/\/kikplastics.nl\/de\/wp-json\/wp\/v2\/pages\/1082\/revisions"}],"predecessor-version":[{"id":1227,"href":"https:\/\/kikplastics.nl\/de\/wp-json\/wp\/v2\/pages\/1082\/revisions\/1227"}],"wp:attachment":[{"href":"https:\/\/kikplastics.nl\/de\/wp-json\/wp\/v2\/media?parent=1082"}],"curies":[{"name":"wp","href":"https:\/\/api.w.org\/{rel}","templated":true}]}}