{"id":1052,"date":"2018-08-20T07:13:19","date_gmt":"2018-08-20T07:13:19","guid":{"rendered":"https:\/\/www.kikplastics.nl\/medical-applications\/"},"modified":"2018-09-27T07:13:27","modified_gmt":"2018-09-27T07:13:27","slug":"medizinische-anwendungen","status":"publish","type":"page","link":"https:\/\/kikplastics.nl\/de\/medizinische-anwendungen\/","title":{"rendered":"Medizinische Anwendungen"},"content":{"rendered":"[vc_row full_width=&#8220;stretch_row_content_no_spaces&#8220; el_class=&#8220;pagina-header-row&#8220;][vc_column][vc_single_image image=&#8220;365&#8243;][\/vc_column][\/vc_row][vc_row el_class=&#8220;pagina-intro-row&#8220;][vc_column][vc_column_text]\n<h1>Medizinische Anwendungen<\/h1>\n<h4>Spezifische Anwendungen: Kunststoff-, Kunststoff-Kunststoff- und Metall-\/Kunststoff-Teile f\u00fcr medizinische Ger\u00e4te und Instrumente, die den spezifischen in diesem Sektor gestellten Anforderungen gen\u00fcgen.<\/h4>\n<p><strong>Je nach Anwendung m\u00fcssen Teile f\u00fcr medizinische Ger\u00e4te High-end-Spezifikationen bez\u00fcglich u. a. Aufma\u00df, Festigkeit, Oberfl\u00e4chenstruktur, Chemikalienresistenz und Lebensdauer gen\u00fcgen. <\/strong><\/p>\n<p>Aus der Vielfalt potentiell geeigneter Kunststoffe wird KIK jene Materialien ausw\u00e4hlen, die den gestellten Anforderungen optimal gen\u00fcgen. Die Kombination aus einzigartigen Materialkenntnissen, jahrzehntelanger Erfahrung und einem kontrollierten Produktionsprozess garantiert Qualit\u00e4tsprodukte, auch wenn es um relativ kleine Produktserien geht.[\/vc_column_text][\/vc_column][\/vc_row]\n","protected":false},"excerpt":{"rendered":"<p>[vc_row full_width=&#8220;stretch_row_content_no_spaces&#8220; el_class=&#8220;pagina-header-row&#8220;][vc_column][vc_single_image image=&#8220;365&#8243;][\/vc_column][\/vc_row][vc_row el_class=&#8220;pagina-intro-row&#8220;][vc_column][vc_column_text] Medizinische Anwendungen Spezifische Anwendungen: Kunststoff-, Kunststoff-Kunststoff- und Metall-\/Kunststoff-Teile f\u00fcr medizinische Ger\u00e4te und Instrumente, die den spezifischen in diesem Sektor gestellten Anforderungen gen\u00fcgen. Je nach Anwendung m\u00fcssen Teile f\u00fcr medizinische Ger\u00e4te High-end-Spezifikationen bez\u00fcglich u. a. Aufma\u00df,&hellip;<\/p>\n","protected":false},"author":1,"featured_media":0,"parent":0,"menu_order":0,"comment_status":"closed","ping_status":"closed","template":"","meta":{"footnotes":""},"class_list":["post-1052","page","type-page","status-publish","hentry","entry","no-media"],"yoast_head":"<!-- This site is optimized with the Yoast SEO plugin v26.3 - https:\/\/yoast.com\/wordpress\/plugins\/seo\/ -->\n<title>Medizinische Anwendungen - KIK Powerful Plastics<\/title>\n<meta name=\"robots\" content=\"index, follow, max-snippet:-1, max-image-preview:large, max-video-preview:-1\" \/>\n<link rel=\"canonical\" href=\"https:\/\/kikplastics.nl\/de\/medizinische-anwendungen\/\" \/>\n<meta property=\"og:locale\" content=\"de_DE\" \/>\n<meta property=\"og:type\" content=\"article\" \/>\n<meta property=\"og:title\" content=\"Medizinische Anwendungen - KIK Powerful Plastics\" \/>\n<meta property=\"og:description\" content=\"[vc_row full_width=&#8220;stretch_row_content_no_spaces&#8220; el_class=&#8220;pagina-header-row&#8220;][vc_column][vc_single_image image=&#8220;365&#8243;][\/vc_column][\/vc_row][vc_row el_class=&#8220;pagina-intro-row&#8220;][vc_column][vc_column_text] Medizinische Anwendungen Spezifische Anwendungen: Kunststoff-, Kunststoff-Kunststoff- und Metall-\/Kunststoff-Teile f\u00fcr medizinische Ger\u00e4te und Instrumente, die den spezifischen in diesem Sektor gestellten Anforderungen gen\u00fcgen. Je nach Anwendung m\u00fcssen Teile f\u00fcr medizinische Ger\u00e4te High-end-Spezifikationen bez\u00fcglich u. a. Aufma\u00df,&hellip;\" \/>\n<meta property=\"og:url\" content=\"https:\/\/kikplastics.nl\/de\/medizinische-anwendungen\/\" \/>\n<meta property=\"og:site_name\" content=\"KIK Powerful Plastics\" \/>\n<meta property=\"article:modified_time\" content=\"2018-09-27T07:13:27+00:00\" \/>\n<meta name=\"twitter:card\" content=\"summary_large_image\" \/>\n<meta name=\"twitter:label1\" content=\"Gesch\u00e4tzte Lesezeit\" \/>\n\t<meta name=\"twitter:data1\" content=\"1\u00a0Minute\" \/>\n<script type=\"application\/ld+json\" class=\"yoast-schema-graph\">{\"@context\":\"https:\/\/schema.org\",\"@graph\":[{\"@type\":\"WebPage\",\"@id\":\"https:\/\/kikplastics.nl\/de\/medizinische-anwendungen\/\",\"url\":\"https:\/\/kikplastics.nl\/de\/medizinische-anwendungen\/\",\"name\":\"Medizinische Anwendungen - KIK Powerful Plastics\",\"isPartOf\":{\"@id\":\"https:\/\/kikplastics.nl\/en\/#website\"},\"datePublished\":\"2018-08-20T07:13:19+00:00\",\"dateModified\":\"2018-09-27T07:13:27+00:00\",\"breadcrumb\":{\"@id\":\"https:\/\/kikplastics.nl\/de\/medizinische-anwendungen\/#breadcrumb\"},\"inLanguage\":\"de\",\"potentialAction\":[{\"@type\":\"ReadAction\",\"target\":[\"https:\/\/kikplastics.nl\/de\/medizinische-anwendungen\/\"]}]},{\"@type\":\"BreadcrumbList\",\"@id\":\"https:\/\/kikplastics.nl\/de\/medizinische-anwendungen\/#breadcrumb\",\"itemListElement\":[{\"@type\":\"ListItem\",\"position\":1,\"name\":\"Home\",\"item\":\"https:\/\/kikplastics.nl\/de\/\"},{\"@type\":\"ListItem\",\"position\":2,\"name\":\"Medizinische Anwendungen\"}]},{\"@type\":\"WebSite\",\"@id\":\"https:\/\/kikplastics.nl\/en\/#website\",\"url\":\"https:\/\/kikplastics.nl\/en\/\",\"name\":\"KIK Powerful Plastics\",\"description\":\"\",\"publisher\":{\"@id\":\"https:\/\/kikplastics.nl\/en\/#organization\"},\"potentialAction\":[{\"@type\":\"SearchAction\",\"target\":{\"@type\":\"EntryPoint\",\"urlTemplate\":\"https:\/\/kikplastics.nl\/en\/?s={search_term_string}\"},\"query-input\":{\"@type\":\"PropertyValueSpecification\",\"valueRequired\":true,\"valueName\":\"search_term_string\"}}],\"inLanguage\":\"de\"},{\"@type\":\"Organization\",\"@id\":\"https:\/\/kikplastics.nl\/en\/#organization\",\"name\":\"KIK Powerful Plastics\",\"url\":\"https:\/\/kikplastics.nl\/en\/\",\"logo\":{\"@type\":\"ImageObject\",\"inLanguage\":\"de\",\"@id\":\"https:\/\/kikplastics.nl\/en\/#\/schema\/logo\/image\/\",\"url\":\"https:\/\/kikplastics.nl\/wp-content\/uploads\/2018\/07\/logo.png\",\"contentUrl\":\"https:\/\/kikplastics.nl\/wp-content\/uploads\/2018\/07\/logo.png\",\"width\":400,\"height\":112,\"caption\":\"KIK Powerful Plastics\"},\"image\":{\"@id\":\"https:\/\/kikplastics.nl\/en\/#\/schema\/logo\/image\/\"}}]}<\/script>\n<!-- \/ Yoast SEO plugin. -->","yoast_head_json":{"title":"Medizinische Anwendungen - KIK Powerful Plastics","robots":{"index":"index","follow":"follow","max-snippet":"max-snippet:-1","max-image-preview":"max-image-preview:large","max-video-preview":"max-video-preview:-1"},"canonical":"https:\/\/kikplastics.nl\/de\/medizinische-anwendungen\/","og_locale":"de_DE","og_type":"article","og_title":"Medizinische Anwendungen - KIK Powerful Plastics","og_description":"[vc_row full_width=&#8220;stretch_row_content_no_spaces&#8220; el_class=&#8220;pagina-header-row&#8220;][vc_column][vc_single_image image=&#8220;365&#8243;][\/vc_column][\/vc_row][vc_row el_class=&#8220;pagina-intro-row&#8220;][vc_column][vc_column_text] Medizinische Anwendungen Spezifische Anwendungen: Kunststoff-, Kunststoff-Kunststoff- und Metall-\/Kunststoff-Teile f\u00fcr medizinische Ger\u00e4te und Instrumente, die den spezifischen in diesem Sektor gestellten Anforderungen gen\u00fcgen. Je nach Anwendung m\u00fcssen Teile f\u00fcr medizinische Ger\u00e4te High-end-Spezifikationen bez\u00fcglich u. a. Aufma\u00df,&hellip;","og_url":"https:\/\/kikplastics.nl\/de\/medizinische-anwendungen\/","og_site_name":"KIK Powerful Plastics","article_modified_time":"2018-09-27T07:13:27+00:00","twitter_card":"summary_large_image","twitter_misc":{"Gesch\u00e4tzte Lesezeit":"1\u00a0Minute"},"schema":{"@context":"https:\/\/schema.org","@graph":[{"@type":"WebPage","@id":"https:\/\/kikplastics.nl\/de\/medizinische-anwendungen\/","url":"https:\/\/kikplastics.nl\/de\/medizinische-anwendungen\/","name":"Medizinische Anwendungen - KIK Powerful Plastics","isPartOf":{"@id":"https:\/\/kikplastics.nl\/en\/#website"},"datePublished":"2018-08-20T07:13:19+00:00","dateModified":"2018-09-27T07:13:27+00:00","breadcrumb":{"@id":"https:\/\/kikplastics.nl\/de\/medizinische-anwendungen\/#breadcrumb"},"inLanguage":"de","potentialAction":[{"@type":"ReadAction","target":["https:\/\/kikplastics.nl\/de\/medizinische-anwendungen\/"]}]},{"@type":"BreadcrumbList","@id":"https:\/\/kikplastics.nl\/de\/medizinische-anwendungen\/#breadcrumb","itemListElement":[{"@type":"ListItem","position":1,"name":"Home","item":"https:\/\/kikplastics.nl\/de\/"},{"@type":"ListItem","position":2,"name":"Medizinische Anwendungen"}]},{"@type":"WebSite","@id":"https:\/\/kikplastics.nl\/en\/#website","url":"https:\/\/kikplastics.nl\/en\/","name":"KIK Powerful Plastics","description":"","publisher":{"@id":"https:\/\/kikplastics.nl\/en\/#organization"},"potentialAction":[{"@type":"SearchAction","target":{"@type":"EntryPoint","urlTemplate":"https:\/\/kikplastics.nl\/en\/?s={search_term_string}"},"query-input":{"@type":"PropertyValueSpecification","valueRequired":true,"valueName":"search_term_string"}}],"inLanguage":"de"},{"@type":"Organization","@id":"https:\/\/kikplastics.nl\/en\/#organization","name":"KIK Powerful Plastics","url":"https:\/\/kikplastics.nl\/en\/","logo":{"@type":"ImageObject","inLanguage":"de","@id":"https:\/\/kikplastics.nl\/en\/#\/schema\/logo\/image\/","url":"https:\/\/kikplastics.nl\/wp-content\/uploads\/2018\/07\/logo.png","contentUrl":"https:\/\/kikplastics.nl\/wp-content\/uploads\/2018\/07\/logo.png","width":400,"height":112,"caption":"KIK Powerful Plastics"},"image":{"@id":"https:\/\/kikplastics.nl\/en\/#\/schema\/logo\/image\/"}}]}},"_links":{"self":[{"href":"https:\/\/kikplastics.nl\/de\/wp-json\/wp\/v2\/pages\/1052","targetHints":{"allow":["GET"]}}],"collection":[{"href":"https:\/\/kikplastics.nl\/de\/wp-json\/wp\/v2\/pages"}],"about":[{"href":"https:\/\/kikplastics.nl\/de\/wp-json\/wp\/v2\/types\/page"}],"author":[{"embeddable":true,"href":"https:\/\/kikplastics.nl\/de\/wp-json\/wp\/v2\/users\/1"}],"replies":[{"embeddable":true,"href":"https:\/\/kikplastics.nl\/de\/wp-json\/wp\/v2\/comments?post=1052"}],"version-history":[{"count":2,"href":"https:\/\/kikplastics.nl\/de\/wp-json\/wp\/v2\/pages\/1052\/revisions"}],"predecessor-version":[{"id":1308,"href":"https:\/\/kikplastics.nl\/de\/wp-json\/wp\/v2\/pages\/1052\/revisions\/1308"}],"wp:attachment":[{"href":"https:\/\/kikplastics.nl\/de\/wp-json\/wp\/v2\/media?parent=1052"}],"curies":[{"name":"wp","href":"https:\/\/api.w.org\/{rel}","templated":true}]}}