{"id":1034,"date":"2018-09-06T14:59:04","date_gmt":"2018-09-06T14:59:04","guid":{"rendered":"https:\/\/www.kikplastics.nl\/polyamide-6-10\/"},"modified":"2018-10-03T10:46:51","modified_gmt":"2018-10-03T10:46:51","slug":"polyamid-6-10","status":"publish","type":"page","link":"https:\/\/kikplastics.nl\/de\/polyamid-6-10\/","title":{"rendered":"Polyamid 6.10"},"content":{"rendered":"[vc_row][vc_column css=&#8220;.vc_custom_1537866922731{margin-bottom: 0px !important;}&#8220;]<div class=\"templatera_shortcode\"><div data-vc-full-width=\"true\" data-vc-full-width-init=\"false\" data-vc-stretch-content=\"true\" class=\"vc_row wpb_row vc_row-fluid pagina-header-row vc_row-no-padding wpex-vc-row-stretched\"><div class=\"wpb_column vc_column_container vc_col-sm-12\"><div class=\"vc_column-inner \"><div class=\"wpb_wrapper\">\n\t<div  class=\"wpb_single_image wpb_content_element vc_align_\">\n\t\t\n\t\t<figure class=\"wpb_wrapper vc_figure\">\n\t\t\t<div class=\"vc_single_image-wrapper   vc_box_border_grey\"><img loading=\"lazy\" decoding=\"async\" width=\"1920\" height=\"450\" src=\"https:\/\/kikplastics.nl\/wp-content\/uploads\/2018\/09\/header-materialen.jpg\" class=\"vc_single_image-img attachment-full\" alt=\"\" srcset=\"https:\/\/kikplastics.nl\/wp-content\/uploads\/2018\/09\/header-materialen.jpg 1920w, https:\/\/kikplastics.nl\/wp-content\/uploads\/2018\/09\/header-materialen-300x70.jpg 300w, https:\/\/kikplastics.nl\/wp-content\/uploads\/2018\/09\/header-materialen-768x180.jpg 768w, https:\/\/kikplastics.nl\/wp-content\/uploads\/2018\/09\/header-materialen-1024x240.jpg 1024w\" sizes=\"auto, (max-width: 1920px) 100vw, 1920px\" \/><\/div>\n\t\t<\/figure>\n\t<\/div>\n<\/div><\/div><\/div><\/div><div class=\"vc_row-full-width vc_clearfix\"><\/div><\/div>[\/vc_column][\/vc_row][vc_row el_class=&#8220;pagina-intro-row&#8220;][vc_column][vc_column_text]\n<h1>PA6.10<\/h1>\n<p><strong>Polyamid 6.10 (PA6.10) ist hinsichtlich seiner mechanischen, thermischen und elektrischen Eigenschaften mit dem billigeren PA6 vergleichbar, hat aber eine bedeutend geringe Feuchtigkeitsaufnahme. Es wird f\u00fcr Komponenten verwendet, deren Spezifikationsanforderungen den h\u00f6heren Preis rechtfertigen. So entscheidet man sich oft f\u00fcr PA6.10 wegen der hohen Schlagfestigkeit, der chemischen Resistenz und der Ma\u00dfhaltigkeit unter feuchten Bedingungen. Typische Anwendungen sind Pr\u00e4zisionslager und getriebe und B\u00fcrstenfasern.<\/strong><\/p>\n<p>PA6.10 eignet sich f\u00fcr Temperaturen bis 110 \u00b0C, dar\u00fcber tritt schnell thermische Alterung auf. Durch Zugabe von bestimmten Mineralien oder Glasfasern ist ein breites Spektrum an Sorten verf\u00fcgbar, jede mit ihren eigenen mechanischen Spezifikationen. Die Feuchtigkeitsaufnahme ist mit 0,4 % bei 23 \u00b0C \/ 50 % rLF und 3 % nach S\u00e4ttigung im Wasser bei 23 \u00b0C geringer als von PA6 oder PA6.6. Dies resultiert in einem h\u00f6heren elektrischen Isolierwert und mechanischen Eigenschaften sowie einer h\u00f6heren Ma\u00dfhaltigkeit der Spritzgussprodukte.<\/p>\n<p>PA6.10 ist ausgezeichnet best\u00e4ndig gegen \u00d6le, Fette, aliphatische Kohlenwasserstoffe und alkalische Stoffe. Wie alle Polyamide ist auch PA6.10 nicht gegen S\u00e4uren und chlorierte Kohlenwasserstoffe best\u00e4ndig. Chlorsalze k\u00f6nnen Spannungsrisse verursachen.<\/p>\n<p>Die mechanischen Eigenschaften sind beinahe mit denen von PA6 identisch, nur die Feuchtigkeitsaufnahme hat viel weniger Einfluss. Au\u00dferdem ist das Material dadurch viel ma\u00dfhaltiger und weniger anf\u00e4llig f\u00fcr Kaltverformung.[\/vc_column_text][\/vc_column][\/vc_row]\n","protected":false},"excerpt":{"rendered":"","protected":false},"author":1,"featured_media":0,"parent":0,"menu_order":0,"comment_status":"closed","ping_status":"closed","template":"","meta":{"footnotes":""},"class_list":["post-1034","page","type-page","status-publish","hentry","entry","no-media"],"yoast_head":"<!-- This site is optimized with the Yoast SEO plugin v26.3 - https:\/\/yoast.com\/wordpress\/plugins\/seo\/ -->\n<title>Polyamid 6.10 - KIK Powerful Plastics<\/title>\n<meta name=\"robots\" content=\"index, follow, max-snippet:-1, max-image-preview:large, max-video-preview:-1\" \/>\n<link rel=\"canonical\" href=\"https:\/\/kikplastics.nl\/de\/polyamid-6-10\/\" \/>\n<meta property=\"og:locale\" content=\"de_DE\" \/>\n<meta property=\"og:type\" content=\"article\" \/>\n<meta property=\"og:title\" content=\"Polyamid 6.10 - KIK Powerful Plastics\" \/>\n<meta property=\"og:url\" content=\"https:\/\/kikplastics.nl\/de\/polyamid-6-10\/\" \/>\n<meta property=\"og:site_name\" content=\"KIK Powerful Plastics\" \/>\n<meta property=\"article:modified_time\" content=\"2018-10-03T10:46:51+00:00\" \/>\n<meta name=\"twitter:card\" content=\"summary_large_image\" \/>\n<meta name=\"twitter:label1\" content=\"Gesch\u00e4tzte Lesezeit\" \/>\n\t<meta name=\"twitter:data1\" content=\"1\u00a0Minute\" \/>\n<script type=\"application\/ld+json\" class=\"yoast-schema-graph\">{\"@context\":\"https:\/\/schema.org\",\"@graph\":[{\"@type\":\"WebPage\",\"@id\":\"https:\/\/kikplastics.nl\/de\/polyamid-6-10\/\",\"url\":\"https:\/\/kikplastics.nl\/de\/polyamid-6-10\/\",\"name\":\"Polyamid 6.10 - KIK Powerful Plastics\",\"isPartOf\":{\"@id\":\"https:\/\/kikplastics.nl\/en\/#website\"},\"datePublished\":\"2018-09-06T14:59:04+00:00\",\"dateModified\":\"2018-10-03T10:46:51+00:00\",\"breadcrumb\":{\"@id\":\"https:\/\/kikplastics.nl\/de\/polyamid-6-10\/#breadcrumb\"},\"inLanguage\":\"de\",\"potentialAction\":[{\"@type\":\"ReadAction\",\"target\":[\"https:\/\/kikplastics.nl\/de\/polyamid-6-10\/\"]}]},{\"@type\":\"BreadcrumbList\",\"@id\":\"https:\/\/kikplastics.nl\/de\/polyamid-6-10\/#breadcrumb\",\"itemListElement\":[{\"@type\":\"ListItem\",\"position\":1,\"name\":\"Home\",\"item\":\"https:\/\/kikplastics.nl\/de\/\"},{\"@type\":\"ListItem\",\"position\":2,\"name\":\"Polyamid 6.10\"}]},{\"@type\":\"WebSite\",\"@id\":\"https:\/\/kikplastics.nl\/en\/#website\",\"url\":\"https:\/\/kikplastics.nl\/en\/\",\"name\":\"KIK Powerful Plastics\",\"description\":\"\",\"publisher\":{\"@id\":\"https:\/\/kikplastics.nl\/en\/#organization\"},\"potentialAction\":[{\"@type\":\"SearchAction\",\"target\":{\"@type\":\"EntryPoint\",\"urlTemplate\":\"https:\/\/kikplastics.nl\/en\/?s={search_term_string}\"},\"query-input\":{\"@type\":\"PropertyValueSpecification\",\"valueRequired\":true,\"valueName\":\"search_term_string\"}}],\"inLanguage\":\"de\"},{\"@type\":\"Organization\",\"@id\":\"https:\/\/kikplastics.nl\/en\/#organization\",\"name\":\"KIK Powerful Plastics\",\"url\":\"https:\/\/kikplastics.nl\/en\/\",\"logo\":{\"@type\":\"ImageObject\",\"inLanguage\":\"de\",\"@id\":\"https:\/\/kikplastics.nl\/en\/#\/schema\/logo\/image\/\",\"url\":\"https:\/\/kikplastics.nl\/wp-content\/uploads\/2018\/07\/logo.png\",\"contentUrl\":\"https:\/\/kikplastics.nl\/wp-content\/uploads\/2018\/07\/logo.png\",\"width\":400,\"height\":112,\"caption\":\"KIK Powerful Plastics\"},\"image\":{\"@id\":\"https:\/\/kikplastics.nl\/en\/#\/schema\/logo\/image\/\"}}]}<\/script>\n<!-- \/ Yoast SEO plugin. -->","yoast_head_json":{"title":"Polyamid 6.10 - KIK Powerful Plastics","robots":{"index":"index","follow":"follow","max-snippet":"max-snippet:-1","max-image-preview":"max-image-preview:large","max-video-preview":"max-video-preview:-1"},"canonical":"https:\/\/kikplastics.nl\/de\/polyamid-6-10\/","og_locale":"de_DE","og_type":"article","og_title":"Polyamid 6.10 - KIK Powerful Plastics","og_url":"https:\/\/kikplastics.nl\/de\/polyamid-6-10\/","og_site_name":"KIK Powerful Plastics","article_modified_time":"2018-10-03T10:46:51+00:00","twitter_card":"summary_large_image","twitter_misc":{"Gesch\u00e4tzte Lesezeit":"1\u00a0Minute"},"schema":{"@context":"https:\/\/schema.org","@graph":[{"@type":"WebPage","@id":"https:\/\/kikplastics.nl\/de\/polyamid-6-10\/","url":"https:\/\/kikplastics.nl\/de\/polyamid-6-10\/","name":"Polyamid 6.10 - KIK Powerful Plastics","isPartOf":{"@id":"https:\/\/kikplastics.nl\/en\/#website"},"datePublished":"2018-09-06T14:59:04+00:00","dateModified":"2018-10-03T10:46:51+00:00","breadcrumb":{"@id":"https:\/\/kikplastics.nl\/de\/polyamid-6-10\/#breadcrumb"},"inLanguage":"de","potentialAction":[{"@type":"ReadAction","target":["https:\/\/kikplastics.nl\/de\/polyamid-6-10\/"]}]},{"@type":"BreadcrumbList","@id":"https:\/\/kikplastics.nl\/de\/polyamid-6-10\/#breadcrumb","itemListElement":[{"@type":"ListItem","position":1,"name":"Home","item":"https:\/\/kikplastics.nl\/de\/"},{"@type":"ListItem","position":2,"name":"Polyamid 6.10"}]},{"@type":"WebSite","@id":"https:\/\/kikplastics.nl\/en\/#website","url":"https:\/\/kikplastics.nl\/en\/","name":"KIK Powerful Plastics","description":"","publisher":{"@id":"https:\/\/kikplastics.nl\/en\/#organization"},"potentialAction":[{"@type":"SearchAction","target":{"@type":"EntryPoint","urlTemplate":"https:\/\/kikplastics.nl\/en\/?s={search_term_string}"},"query-input":{"@type":"PropertyValueSpecification","valueRequired":true,"valueName":"search_term_string"}}],"inLanguage":"de"},{"@type":"Organization","@id":"https:\/\/kikplastics.nl\/en\/#organization","name":"KIK Powerful Plastics","url":"https:\/\/kikplastics.nl\/en\/","logo":{"@type":"ImageObject","inLanguage":"de","@id":"https:\/\/kikplastics.nl\/en\/#\/schema\/logo\/image\/","url":"https:\/\/kikplastics.nl\/wp-content\/uploads\/2018\/07\/logo.png","contentUrl":"https:\/\/kikplastics.nl\/wp-content\/uploads\/2018\/07\/logo.png","width":400,"height":112,"caption":"KIK Powerful Plastics"},"image":{"@id":"https:\/\/kikplastics.nl\/en\/#\/schema\/logo\/image\/"}}]}},"_links":{"self":[{"href":"https:\/\/kikplastics.nl\/de\/wp-json\/wp\/v2\/pages\/1034","targetHints":{"allow":["GET"]}}],"collection":[{"href":"https:\/\/kikplastics.nl\/de\/wp-json\/wp\/v2\/pages"}],"about":[{"href":"https:\/\/kikplastics.nl\/de\/wp-json\/wp\/v2\/types\/page"}],"author":[{"embeddable":true,"href":"https:\/\/kikplastics.nl\/de\/wp-json\/wp\/v2\/users\/1"}],"replies":[{"embeddable":true,"href":"https:\/\/kikplastics.nl\/de\/wp-json\/wp\/v2\/comments?post=1034"}],"version-history":[{"count":4,"href":"https:\/\/kikplastics.nl\/de\/wp-json\/wp\/v2\/pages\/1034\/revisions"}],"predecessor-version":[{"id":1478,"href":"https:\/\/kikplastics.nl\/de\/wp-json\/wp\/v2\/pages\/1034\/revisions\/1478"}],"wp:attachment":[{"href":"https:\/\/kikplastics.nl\/de\/wp-json\/wp\/v2\/media?parent=1034"}],"curies":[{"name":"wp","href":"https:\/\/api.w.org\/{rel}","templated":true}]}}