{"id":1016,"date":"2018-09-07T06:55:02","date_gmt":"2018-09-07T06:55:02","guid":{"rendered":"https:\/\/www.kikplastics.nl\/polycarbonate\/"},"modified":"2018-10-03T12:18:05","modified_gmt":"2018-10-03T12:18:05","slug":"polycarbonat","status":"publish","type":"page","link":"https:\/\/kikplastics.nl\/de\/polycarbonat\/","title":{"rendered":"Polycarbonat"},"content":{"rendered":"[vc_row][vc_column css=&#8220;.vc_custom_1537867283398{margin-bottom: 0px !important;}&#8220;]<div class=\"templatera_shortcode\"><div data-vc-full-width=\"true\" data-vc-full-width-init=\"false\" data-vc-stretch-content=\"true\" class=\"vc_row wpb_row vc_row-fluid pagina-header-row vc_row-no-padding wpex-vc-row-stretched\"><div class=\"wpb_column vc_column_container vc_col-sm-12\"><div class=\"vc_column-inner \"><div class=\"wpb_wrapper\">\n\t<div  class=\"wpb_single_image wpb_content_element vc_align_\">\n\t\t\n\t\t<figure class=\"wpb_wrapper vc_figure\">\n\t\t\t<div class=\"vc_single_image-wrapper   vc_box_border_grey\"><img loading=\"lazy\" decoding=\"async\" width=\"1920\" height=\"450\" src=\"https:\/\/kikplastics.nl\/wp-content\/uploads\/2018\/09\/header-materialen.jpg\" class=\"vc_single_image-img attachment-full\" alt=\"\" srcset=\"https:\/\/kikplastics.nl\/wp-content\/uploads\/2018\/09\/header-materialen.jpg 1920w, https:\/\/kikplastics.nl\/wp-content\/uploads\/2018\/09\/header-materialen-300x70.jpg 300w, https:\/\/kikplastics.nl\/wp-content\/uploads\/2018\/09\/header-materialen-768x180.jpg 768w, https:\/\/kikplastics.nl\/wp-content\/uploads\/2018\/09\/header-materialen-1024x240.jpg 1024w\" sizes=\"auto, (max-width: 1920px) 100vw, 1920px\" \/><\/div>\n\t\t<\/figure>\n\t<\/div>\n<\/div><\/div><\/div><\/div><div class=\"vc_row-full-width vc_clearfix\"><\/div><\/div>[\/vc_column][\/vc_row][vc_row el_class=&#8220;pagina-intro-row&#8220;][vc_column][vc_column_text]\n<h1>PC<\/h1>\n<p><strong>Polycarbonat (PC) ist ein amorpher technischer Kunststoff mit einer Glas\u00fcbergangstemperatur von 150 \u00b0C. In seiner nat\u00fcrlichen Form bietet dieses Material eine einzigartige Kombination aus Unbiegsamkeit, H\u00e4rte und St\u00e4rke bis zu einer Temperatur von 140 \u00b0C und au\u00dferdem eine ausgezeichnete Ma\u00dfhaltigkeit.<\/strong><\/p>\n<p>Die mechanischen Eigenschaften aller Thermoplaste verschlechtern sich, wenn sie hohen Temperaturen ausgesetzt werden. Im Vergleich zu den meisten technischen Thermoplasten hat PC einen \u00fcberragenden Widerstand gegen thermische Alterung, was durch die Temperatur bei kontinuierlicher Nutzung illustriert wird, die bis 125 \u00b0C ansteigen kann. Kurzfristige Aussetzung an h\u00f6here Temperaturen wird in erster Linie durch die Glas\u00fcbergangstemperatur des Materials beschr\u00e4nkt. Die maximal zul\u00e4ssige Temperatur ist ca. 140 \u00b0C.<\/p>\n<p>PC nimmt nur ca. 0,15 % Feuchtigkeit bei 23 \u00b0C \/ 50 % rLF auf und 0,35 % bei S\u00e4ttigung im Wasser bei 23 \u00b0C. PC darf jedoch nicht in feuchten Umgebungen verwendet werden, wenn die Temperatur 70 \u00b0C \u00fcbersteigt, denn Hydrolyse wird zu einer betr\u00e4chtlichen Verschlechterung der mechanischen Eigenschaften f\u00fchren, insbesondere der Schlagfestigkeit.<\/p>\n<p>Der chemische Widerstand von PC ist beschr\u00e4nkt, und bestimmte Chemikalien verursachen Risse durch Umgebungsbelastung oder l\u00f6sen das Polymer auf. PC ist nicht best\u00e4ndig gegen aromatische Kohlenwasserstoffe, Phenole, Ketone, Ether, Benzine, Alkalien und die meisten oxidierenden Stoffe und S\u00e4uren. Au\u00dferdem ist es m\u00e4\u00dfig best\u00e4ndig gegen warmes Wasser und Salzl\u00f6sungen, w\u00e4hrend der Widerstand gegen Alkohol gut ist.<\/p>\n<p>PC hat eine recht gute UV-Stabilit\u00e4t; f\u00fcr bessere Leistungen auf diesem Gebiet sind UV-stabilisierte Qualit\u00e4ten zu verwenden.[\/vc_column_text][\/vc_column][\/vc_row]\n","protected":false},"excerpt":{"rendered":"","protected":false},"author":1,"featured_media":0,"parent":0,"menu_order":0,"comment_status":"closed","ping_status":"closed","template":"","meta":{"footnotes":""},"class_list":["post-1016","page","type-page","status-publish","hentry","entry","no-media"],"yoast_head":"<!-- This site is optimized with the Yoast SEO plugin v26.3 - https:\/\/yoast.com\/wordpress\/plugins\/seo\/ -->\n<title>Polycarbonat - KIK Powerful Plastics<\/title>\n<meta name=\"robots\" content=\"index, follow, max-snippet:-1, max-image-preview:large, max-video-preview:-1\" \/>\n<link rel=\"canonical\" href=\"https:\/\/kikplastics.nl\/de\/polycarbonat\/\" \/>\n<meta property=\"og:locale\" content=\"de_DE\" \/>\n<meta property=\"og:type\" content=\"article\" \/>\n<meta property=\"og:title\" content=\"Polycarbonat - KIK Powerful Plastics\" \/>\n<meta property=\"og:url\" content=\"https:\/\/kikplastics.nl\/de\/polycarbonat\/\" \/>\n<meta property=\"og:site_name\" content=\"KIK Powerful Plastics\" \/>\n<meta property=\"article:modified_time\" content=\"2018-10-03T12:18:05+00:00\" \/>\n<meta name=\"twitter:card\" content=\"summary_large_image\" \/>\n<meta name=\"twitter:label1\" content=\"Gesch\u00e4tzte Lesezeit\" \/>\n\t<meta name=\"twitter:data1\" content=\"1\u00a0Minute\" \/>\n<script type=\"application\/ld+json\" class=\"yoast-schema-graph\">{\"@context\":\"https:\/\/schema.org\",\"@graph\":[{\"@type\":\"WebPage\",\"@id\":\"https:\/\/kikplastics.nl\/de\/polycarbonat\/\",\"url\":\"https:\/\/kikplastics.nl\/de\/polycarbonat\/\",\"name\":\"Polycarbonat - KIK Powerful Plastics\",\"isPartOf\":{\"@id\":\"https:\/\/kikplastics.nl\/en\/#website\"},\"datePublished\":\"2018-09-07T06:55:02+00:00\",\"dateModified\":\"2018-10-03T12:18:05+00:00\",\"breadcrumb\":{\"@id\":\"https:\/\/kikplastics.nl\/de\/polycarbonat\/#breadcrumb\"},\"inLanguage\":\"de\",\"potentialAction\":[{\"@type\":\"ReadAction\",\"target\":[\"https:\/\/kikplastics.nl\/de\/polycarbonat\/\"]}]},{\"@type\":\"BreadcrumbList\",\"@id\":\"https:\/\/kikplastics.nl\/de\/polycarbonat\/#breadcrumb\",\"itemListElement\":[{\"@type\":\"ListItem\",\"position\":1,\"name\":\"Home\",\"item\":\"https:\/\/kikplastics.nl\/de\/\"},{\"@type\":\"ListItem\",\"position\":2,\"name\":\"Polycarbonat\"}]},{\"@type\":\"WebSite\",\"@id\":\"https:\/\/kikplastics.nl\/en\/#website\",\"url\":\"https:\/\/kikplastics.nl\/en\/\",\"name\":\"KIK Powerful Plastics\",\"description\":\"\",\"publisher\":{\"@id\":\"https:\/\/kikplastics.nl\/en\/#organization\"},\"potentialAction\":[{\"@type\":\"SearchAction\",\"target\":{\"@type\":\"EntryPoint\",\"urlTemplate\":\"https:\/\/kikplastics.nl\/en\/?s={search_term_string}\"},\"query-input\":{\"@type\":\"PropertyValueSpecification\",\"valueRequired\":true,\"valueName\":\"search_term_string\"}}],\"inLanguage\":\"de\"},{\"@type\":\"Organization\",\"@id\":\"https:\/\/kikplastics.nl\/en\/#organization\",\"name\":\"KIK Powerful Plastics\",\"url\":\"https:\/\/kikplastics.nl\/en\/\",\"logo\":{\"@type\":\"ImageObject\",\"inLanguage\":\"de\",\"@id\":\"https:\/\/kikplastics.nl\/en\/#\/schema\/logo\/image\/\",\"url\":\"https:\/\/kikplastics.nl\/wp-content\/uploads\/2018\/07\/logo.png\",\"contentUrl\":\"https:\/\/kikplastics.nl\/wp-content\/uploads\/2018\/07\/logo.png\",\"width\":400,\"height\":112,\"caption\":\"KIK Powerful Plastics\"},\"image\":{\"@id\":\"https:\/\/kikplastics.nl\/en\/#\/schema\/logo\/image\/\"}}]}<\/script>\n<!-- \/ Yoast SEO plugin. -->","yoast_head_json":{"title":"Polycarbonat - KIK Powerful Plastics","robots":{"index":"index","follow":"follow","max-snippet":"max-snippet:-1","max-image-preview":"max-image-preview:large","max-video-preview":"max-video-preview:-1"},"canonical":"https:\/\/kikplastics.nl\/de\/polycarbonat\/","og_locale":"de_DE","og_type":"article","og_title":"Polycarbonat - KIK Powerful Plastics","og_url":"https:\/\/kikplastics.nl\/de\/polycarbonat\/","og_site_name":"KIK Powerful Plastics","article_modified_time":"2018-10-03T12:18:05+00:00","twitter_card":"summary_large_image","twitter_misc":{"Gesch\u00e4tzte Lesezeit":"1\u00a0Minute"},"schema":{"@context":"https:\/\/schema.org","@graph":[{"@type":"WebPage","@id":"https:\/\/kikplastics.nl\/de\/polycarbonat\/","url":"https:\/\/kikplastics.nl\/de\/polycarbonat\/","name":"Polycarbonat - KIK Powerful Plastics","isPartOf":{"@id":"https:\/\/kikplastics.nl\/en\/#website"},"datePublished":"2018-09-07T06:55:02+00:00","dateModified":"2018-10-03T12:18:05+00:00","breadcrumb":{"@id":"https:\/\/kikplastics.nl\/de\/polycarbonat\/#breadcrumb"},"inLanguage":"de","potentialAction":[{"@type":"ReadAction","target":["https:\/\/kikplastics.nl\/de\/polycarbonat\/"]}]},{"@type":"BreadcrumbList","@id":"https:\/\/kikplastics.nl\/de\/polycarbonat\/#breadcrumb","itemListElement":[{"@type":"ListItem","position":1,"name":"Home","item":"https:\/\/kikplastics.nl\/de\/"},{"@type":"ListItem","position":2,"name":"Polycarbonat"}]},{"@type":"WebSite","@id":"https:\/\/kikplastics.nl\/en\/#website","url":"https:\/\/kikplastics.nl\/en\/","name":"KIK Powerful Plastics","description":"","publisher":{"@id":"https:\/\/kikplastics.nl\/en\/#organization"},"potentialAction":[{"@type":"SearchAction","target":{"@type":"EntryPoint","urlTemplate":"https:\/\/kikplastics.nl\/en\/?s={search_term_string}"},"query-input":{"@type":"PropertyValueSpecification","valueRequired":true,"valueName":"search_term_string"}}],"inLanguage":"de"},{"@type":"Organization","@id":"https:\/\/kikplastics.nl\/en\/#organization","name":"KIK Powerful Plastics","url":"https:\/\/kikplastics.nl\/en\/","logo":{"@type":"ImageObject","inLanguage":"de","@id":"https:\/\/kikplastics.nl\/en\/#\/schema\/logo\/image\/","url":"https:\/\/kikplastics.nl\/wp-content\/uploads\/2018\/07\/logo.png","contentUrl":"https:\/\/kikplastics.nl\/wp-content\/uploads\/2018\/07\/logo.png","width":400,"height":112,"caption":"KIK Powerful Plastics"},"image":{"@id":"https:\/\/kikplastics.nl\/en\/#\/schema\/logo\/image\/"}}]}},"_links":{"self":[{"href":"https:\/\/kikplastics.nl\/de\/wp-json\/wp\/v2\/pages\/1016","targetHints":{"allow":["GET"]}}],"collection":[{"href":"https:\/\/kikplastics.nl\/de\/wp-json\/wp\/v2\/pages"}],"about":[{"href":"https:\/\/kikplastics.nl\/de\/wp-json\/wp\/v2\/types\/page"}],"author":[{"embeddable":true,"href":"https:\/\/kikplastics.nl\/de\/wp-json\/wp\/v2\/users\/1"}],"replies":[{"embeddable":true,"href":"https:\/\/kikplastics.nl\/de\/wp-json\/wp\/v2\/comments?post=1016"}],"version-history":[{"count":4,"href":"https:\/\/kikplastics.nl\/de\/wp-json\/wp\/v2\/pages\/1016\/revisions"}],"predecessor-version":[{"id":1562,"href":"https:\/\/kikplastics.nl\/de\/wp-json\/wp\/v2\/pages\/1016\/revisions\/1562"}],"wp:attachment":[{"href":"https:\/\/kikplastics.nl\/de\/wp-json\/wp\/v2\/media?parent=1016"}],"curies":[{"name":"wp","href":"https:\/\/api.w.org\/{rel}","templated":true}]}}